{"id":93,"date":"2020-02-21T12:22:10","date_gmt":"2020-02-21T11:22:10","guid":{"rendered":"https:\/\/www.tennisgrassano.eu\/?page_id=93"},"modified":"2020-02-23T11:59:45","modified_gmt":"2020-02-23T10:59:45","slug":"agonisti","status":"publish","type":"page","link":"https:\/\/www.tennisgrassano.eu\/index.php\/agonisti\/","title":{"rendered":"Agonisti"},"content":{"rendered":"<p>[et_pb_section fb_built=&#8221;1&#8243; _builder_version=&#8221;4.3.2&#8243; background_color=&#8221;rgba(0,0,0,0.03)&#8221; use_background_color_gradient=&#8221;on&#8221; background_image=&#8221;https:\/\/www.tennisgrassano.eu\/wp-content\/uploads\/2020\/02\/low-poly-tennis-raketka-miach-igra-tennisist.jpg&#8221; parallax=&#8221;on&#8221; parallax_method=&#8221;off&#8221; custom_margin=&#8221;|||&#8221; custom_padding=&#8221;100px||100px|&#8221;][et_pb_row column_structure=&#8221;1_2,1_2&#8243; _builder_version=&#8221;4.3.2&#8243; custom_margin=&#8221;-94px|auto||auto||&#8221; custom_padding=&#8221;2px|||||&#8221;][et_pb_column type=&#8221;1_2&#8243; _builder_version=&#8221;4.3.2&#8243;][et_pb_text _builder_version=&#8221;4.3.2&#8243; text_font=&#8221;Lato||||||||&#8221; text_text_color=&#8221;#ffffff&#8221; text_font_size=&#8221;15px&#8221; custom_margin=&#8221;121px||||false|false&#8221; scroll_fade_enable=&#8221;on&#8221; scroll_scaling=&#8221;0|51|52|100|70|100|100&#8243; hover_enabled=&#8221;0&#8243; module_alignment=&#8221;center&#8221;]<\/p>\n<h2>Agonisti<\/h2>\n<p style=\"text-align: justify;\"><span style=\"color: #ffffff;\">Per i pi\u00f9 esperti o addirittura agonisti verranno proposti veri e propri programmi di allenamento con esercitazioni calibrate al loro livello. L\u2019attivit\u00e0 \u00e8 organizzata tenendo conto del livello di gioco degli allievi e si propone, oltre alle finalit\u00e0 tecniche, di creare occasioni di socializzazione e di aggregazione tra tutti i partecipanti.<\/span><\/p>\n<p>[\/et_pb_text][\/et_pb_column][et_pb_column type=&#8221;1_2&#8243; _builder_version=&#8221;4.3.2&#8243;][\/et_pb_column][\/et_pb_row][\/et_pb_section]<\/p>\n","protected":false},"excerpt":{"rendered":"<p>Agonisti Per i pi\u00f9 esperti o addirittura agonisti verranno proposti veri e propri programmi di allenamento con esercitazioni calibrate al loro livello. L\u2019attivit\u00e0 \u00e8 organizzata tenendo conto del livello di gioco degli allievi e si propone, oltre alle finalit\u00e0 tecniche, di creare occasioni di socializzazione e di aggregazione tra tutti i partecipanti.<\/p>\n","protected":false},"author":1,"featured_media":0,"parent":0,"menu_order":0,"comment_status":"closed","ping_status":"closed","template":"","meta":{"_et_pb_use_builder":"on","_et_pb_old_content":"<!-- wp:divi\/placeholder \/-->","_et_gb_content_width":"","footnotes":""},"_links":{"self":[{"href":"https:\/\/www.tennisgrassano.eu\/index.php\/wp-json\/wp\/v2\/pages\/93"}],"collection":[{"href":"https:\/\/www.tennisgrassano.eu\/index.php\/wp-json\/wp\/v2\/pages"}],"about":[{"href":"https:\/\/www.tennisgrassano.eu\/index.php\/wp-json\/wp\/v2\/types\/page"}],"author":[{"embeddable":true,"href":"https:\/\/www.tennisgrassano.eu\/index.php\/wp-json\/wp\/v2\/users\/1"}],"replies":[{"embeddable":true,"href":"https:\/\/www.tennisgrassano.eu\/index.php\/wp-json\/wp\/v2\/comments?post=93"}],"version-history":[{"count":5,"href":"https:\/\/www.tennisgrassano.eu\/index.php\/wp-json\/wp\/v2\/pages\/93\/revisions"}],"predecessor-version":[{"id":234,"href":"https:\/\/www.tennisgrassano.eu\/index.php\/wp-json\/wp\/v2\/pages\/93\/revisions\/234"}],"wp:attachment":[{"href":"https:\/\/www.tennisgrassano.eu\/index.php\/wp-json\/wp\/v2\/media?parent=93"}],"curies":[{"name":"wp","href":"https:\/\/api.w.org\/{rel}","templated":true}]}}