{"id":1808,"date":"2025-07-10T13:18:32","date_gmt":"2025-07-10T11:18:32","guid":{"rendered":"https:\/\/www.tennisgrassano.eu\/?page_id=1808"},"modified":"2025-07-31T14:18:22","modified_gmt":"2025-07-31T12:18:22","slug":"corsi-2025-2026","status":"publish","type":"page","link":"https:\/\/www.tennisgrassano.eu\/index.php\/corsi-2025-2026\/","title":{"rendered":"corsi 2025\/2026"},"content":{"rendered":"<p>[et_pb_section fb_built=&#8221;1&#8243; _builder_version=&#8221;4.16&#8243; global_colors_info=&#8221;{}&#8221;][et_pb_row _builder_version=&#8221;4.27.4&#8243; _module_preset=&#8221;default&#8221; global_colors_info=&#8221;{}&#8221;][et_pb_column type=&#8221;4_4&#8243; _builder_version=&#8221;4.27.4&#8243; _module_preset=&#8221;default&#8221; global_colors_info=&#8221;{}&#8221;][et_pb_text _builder_version=&#8221;4.27.4&#8243; _module_preset=&#8221;default&#8221; min_height=&#8221;1008.5px&#8221; global_colors_info=&#8221;{}&#8221;]<\/p>\n<p><span style=\"color: #000000;\">Riparte la Stagione di Tennis 2025\/2026! \ud83c\udfbe<\/span><br \/><span style=\"color: #000000;\">Siamo entusiasti di annunciare l\u2019avvio dei nuovi corsi di tennis per bambini, ragazzi e adulti presso il nostro club! Quest\u2019anno, tante novit\u00e0 per rendere ogni ora sul campo\u2026 davvero indimenticabile:<\/span><\/p>\n<p><span style=\"color: #000000;\">\ud83c\udf1f Novit\u00e0 Campo &amp; Strutture<\/span><\/p>\n<p><span style=\"color: #000000;\">Quest&#8217;anno il Circolo Tennis Grassano rinnova la sua sede ufficile!<br \/>Ci troviamo\u00a0 Telese Terme, Via Bagni Vecchi 2.<\/span><\/p>\n<p><span style=\"color: #000000;\">3 campi, di cui 1 coperto.<\/span><\/p>\n<p><span style=\"color: #000000;\">Zona relax, distributore automatico di bevande e snack.<\/span><\/p>\n<p><span style=\"color: #000000;\">\u00a0<\/span><\/p>\n<p><span style=\"color: #000000;\">\ud83e\uddd2\ud83c\udfc3 Corsi Doposcuola &amp; Intrattenimento Extra<\/span><\/p>\n<p><span style=\"color: #000000;\">Doposcuola assistito dopo i corsi pomeridiani: un tutor seguir\u00e0 i pi\u00f9 piccoli con compiti, attivit\u00e0 ludiche e supporto allo studio<\/span><\/p>\n<p><span style=\"color: #000000;\">Anche oltre l\u2019orario corsi:<\/span><br \/><span style=\"color: #000000;\">* Laboratori creativi e giochi di squadra sul campo, sotto la supervisione degli istruttori<\/span><br \/><span style=\"color: #000000;\">* Fitness leggero e stretching per promuovere benessere e socializzazione<\/span><\/p>\n<p><span style=\"color: #000000;\">\u00a0<\/span><\/p>\n<p><span style=\"color: #000000;\">\ud83e\udde9 Perch\u00e9 Iscriversi?<\/span><\/p>\n<p><span style=\"color: #000000;\">Pacchetti combinati: tennis + doposcuola + intrattenimento tutto incluso<\/span><\/p>\n<p><span style=\"color: #000000;\">Voucher Sportivi: possibilit\u00e0 di usufruire dei Voucher\u00a0 per l\u2019accesso gratuito all\u2019attivit\u00e0 sportiva, annualit\u00e0 2025-2026<\/span><\/p>\n<p><span style=\"color: #000000;\">Sicurezza garantita: superfici sicure e staff qualificato<\/span><\/p>\n<p><span style=\"color: #000000;\">Ambiente ricreativo e positivo, per imparare divertendo<\/span><\/p>\n<p><span style=\"color: #000000;\">\u00a0<\/span><\/p>\n<p><span style=\"color: #000000;\">\u2139\ufe0f Contatti<\/span><\/p>\n<p><span style=\"color: #000000;\">Per info, preventivi personalizzati o iscrizioni:<\/span><br \/><span style=\"color: #000000;\">\ud83d\udcde Telefono: 3885858100\u00a0<\/span><br \/><span style=\"color: #000000;\">\ud83d\udce7 Email: info@tennisgrassano.eu<\/span><br \/><span style=\"color: #000000;\">\ud83c\udf10 Sito &amp; moduli online: www.tennisgrassano.eu<\/span><\/p>\n<p><span style=\"color: #000000;\">Non perdere questa occasione: migliora il tuo gioco, resta sereno dopo la scuola e partecipa a mille attivit\u00e0 con il massimo divertimento\ud83d\ude04 Ti aspettiamo in cam<\/span>po!<\/p>\n<p>[\/et_pb_text][\/et_pb_column][\/et_pb_row][et_pb_row _builder_version=&#8221;4.27.4&#8243; _module_preset=&#8221;default&#8221; global_colors_info=&#8221;{}&#8221;][et_pb_column type=&#8221;4_4&#8243; _builder_version=&#8221;4.27.4&#8243; _module_preset=&#8221;default&#8221; global_colors_info=&#8221;{}&#8221;][\/et_pb_column][\/et_pb_row][\/et_pb_section]<\/p>\n","protected":false},"excerpt":{"rendered":"<p>Riparte la Stagione di Tennis 2025\/2026! \ud83c\udfbeSiamo entusiasti di annunciare l\u2019avvio dei nuovi corsi di tennis per bambini, ragazzi e adulti presso il nostro club! Quest\u2019anno, tante novit\u00e0 per rendere ogni ora sul campo\u2026 davvero indimenticabile: \ud83c\udf1f Novit\u00e0 Campo &amp; Strutture Quest&#8217;anno il Circolo Tennis Grassano rinnova la sua sede ufficile!Ci troviamo\u00a0 Telese Terme, Via [&hellip;]<\/p>\n","protected":false},"author":1,"featured_media":0,"parent":0,"menu_order":0,"comment_status":"closed","ping_status":"closed","template":"","meta":{"_et_pb_use_builder":"on","_et_pb_old_content":"","_et_gb_content_width":"","footnotes":""},"_links":{"self":[{"href":"https:\/\/www.tennisgrassano.eu\/index.php\/wp-json\/wp\/v2\/pages\/1808"}],"collection":[{"href":"https:\/\/www.tennisgrassano.eu\/index.php\/wp-json\/wp\/v2\/pages"}],"about":[{"href":"https:\/\/www.tennisgrassano.eu\/index.php\/wp-json\/wp\/v2\/types\/page"}],"author":[{"embeddable":true,"href":"https:\/\/www.tennisgrassano.eu\/index.php\/wp-json\/wp\/v2\/users\/1"}],"replies":[{"embeddable":true,"href":"https:\/\/www.tennisgrassano.eu\/index.php\/wp-json\/wp\/v2\/comments?post=1808"}],"version-history":[{"count":6,"href":"https:\/\/www.tennisgrassano.eu\/index.php\/wp-json\/wp\/v2\/pages\/1808\/revisions"}],"predecessor-version":[{"id":1884,"href":"https:\/\/www.tennisgrassano.eu\/index.php\/wp-json\/wp\/v2\/pages\/1808\/revisions\/1884"}],"wp:attachment":[{"href":"https:\/\/www.tennisgrassano.eu\/index.php\/wp-json\/wp\/v2\/media?parent=1808"}],"curies":[{"name":"wp","href":"https:\/\/api.w.org\/{rel}","templated":true}]}}