{"id":107,"date":"2020-02-21T12:25:07","date_gmt":"2020-02-21T11:25:07","guid":{"rendered":"https:\/\/www.tennisgrassano.eu\/?page_id=107"},"modified":"2020-02-21T14:56:02","modified_gmt":"2020-02-21T13:56:02","slug":"minitennis","status":"publish","type":"page","link":"https:\/\/www.tennisgrassano.eu\/index.php\/minitennis\/","title":{"rendered":"Minitennis"},"content":{"rendered":"<p>[et_pb_section fb_built=&#8221;1&#8243; _builder_version=&#8221;4.3.2&#8243; background_color=&#8221;rgba(0,0,0,0.03)&#8221; use_background_color_gradient=&#8221;on&#8221; background_image=&#8221;https:\/\/www.tennisgrassano.eu\/wp-content\/uploads\/2020\/02\/low-poly-tennis-raketka-miach-igra-tennisist.jpg&#8221; parallax=&#8221;on&#8221; parallax_method=&#8221;off&#8221; custom_margin=&#8221;|||&#8221; custom_padding=&#8221;100px||100px|&#8221;][et_pb_row column_structure=&#8221;1_2,1_2&#8243; _builder_version=&#8221;4.3.2&#8243; custom_margin=&#8221;-94px|auto||auto||&#8221; custom_padding=&#8221;2px|||||&#8221;][et_pb_column type=&#8221;1_2&#8243; _builder_version=&#8221;4.3.2&#8243;][et_pb_text _builder_version=&#8221;4.3.2&#8243; text_font=&#8221;Lato||||||||&#8221; text_text_color=&#8221;#ffffff&#8221; text_font_size=&#8221;15px&#8221; scroll_fade_enable=&#8221;on&#8221; scroll_scaling=&#8221;0|51|52|100|70|100|100&#8243; hover_enabled=&#8221;0&#8243; custom_margin=&#8221;69px|||||&#8221;]<\/p>\n<h2>Minitennis<\/h2>\n<p style=\"text-align: justify;\"><span>Il Circolo Tennis Grassano \u00e8 particolarmente attrezzato per Il minitennis che \u00e8 una fase del percorso formativo essenziale per l\u2019avviamento al tennis. Solitamente ed erroneamente con il minitennis ci si riferisce a una fascia di et\u00e0 ben precisa che va dai 4-5 ai 10 anni. In realt\u00e0 attraverso questa fase facilitante l\u2019apprendimento del tennis, potrebbero iniziare a giocare anche allievi di et\u00e0 superiore ai 10 anni. Anche gli stessi adulti potrebbero appassionarsi con pi\u00f9 facilit\u00e0 a uno sport complesso come il tennis attraverso alcuni mezzi e principi didattici propri del minitennis. Possiamo quindi affermare con certezza che, sia per chi inizia a giocare a tennis sia per chi prosegue il percorso formativo con le successive fasi di perfezionamento, specializzazione e infine allenamento, per definire il passaggio da una fase all\u2019altra non \u00e8 corretto riferirsi esclusivamente all\u2019et\u00e0 cronologica degli allievi ma soprattutto alle competenze acquisite queste ultime potranno essere valutate esclusivamente dall\u2019insegnante.<\/span><\/p>\n<p>[\/et_pb_text][\/et_pb_column][et_pb_column type=&#8221;1_2&#8243; _builder_version=&#8221;4.3.2&#8243;][\/et_pb_column][\/et_pb_row][\/et_pb_section]<\/p>\n","protected":false},"excerpt":{"rendered":"<p>Minitennis Il Circolo Tennis Grassano \u00e8 particolarmente attrezzato per Il minitennis che \u00e8 una fase del percorso formativo essenziale per l\u2019avviamento al tennis. Solitamente ed erroneamente con il minitennis ci si riferisce a una fascia di et\u00e0 ben precisa che va dai 4-5 ai 10 anni. In realt\u00e0 attraverso questa fase facilitante l\u2019apprendimento del tennis, [&hellip;]<\/p>\n","protected":false},"author":1,"featured_media":0,"parent":0,"menu_order":0,"comment_status":"closed","ping_status":"closed","template":"","meta":{"_et_pb_use_builder":"on","_et_pb_old_content":"","_et_gb_content_width":"","footnotes":""},"_links":{"self":[{"href":"https:\/\/www.tennisgrassano.eu\/index.php\/wp-json\/wp\/v2\/pages\/107"}],"collection":[{"href":"https:\/\/www.tennisgrassano.eu\/index.php\/wp-json\/wp\/v2\/pages"}],"about":[{"href":"https:\/\/www.tennisgrassano.eu\/index.php\/wp-json\/wp\/v2\/types\/page"}],"author":[{"embeddable":true,"href":"https:\/\/www.tennisgrassano.eu\/index.php\/wp-json\/wp\/v2\/users\/1"}],"replies":[{"embeddable":true,"href":"https:\/\/www.tennisgrassano.eu\/index.php\/wp-json\/wp\/v2\/comments?post=107"}],"version-history":[{"count":3,"href":"https:\/\/www.tennisgrassano.eu\/index.php\/wp-json\/wp\/v2\/pages\/107\/revisions"}],"predecessor-version":[{"id":172,"href":"https:\/\/www.tennisgrassano.eu\/index.php\/wp-json\/wp\/v2\/pages\/107\/revisions\/172"}],"wp:attachment":[{"href":"https:\/\/www.tennisgrassano.eu\/index.php\/wp-json\/wp\/v2\/media?parent=107"}],"curies":[{"name":"wp","href":"https:\/\/api.w.org\/{rel}","templated":true}]}}